{"id":222,"date":"2024-04-04T03:45:22","date_gmt":"2024-04-04T03:45:22","guid":{"rendered":"https:\/\/greenessence.ca\/?page_id=222"},"modified":"2024-12-27T07:05:52","modified_gmt":"2024-12-27T07:05:52","slug":"register","status":"publish","type":"page","link":"https:\/\/greenessence.ca\/?page_id=222","title":{"rendered":"S\u2019inscrire"},"content":{"rendered":"\t\t<div data-elementor-type=\"wp-page\" data-elementor-id=\"222\" class=\"elementor elementor-222\" data-elementor-post-type=\"page\">\n\t\t\t\t\t\t<section class=\"elementor-section elementor-top-section elementor-element elementor-element-16277d4 elementor-section-height-full elementor-section-boxed elementor-section-height-default elementor-section-items-middle\" data-id=\"16277d4\" data-element_type=\"section\">\n\t\t\t\t\t\t<div class=\"elementor-container elementor-column-gap-default\">\n\t\t\t\t\t<div class=\"elementor-column elementor-col-100 elementor-top-column elementor-element elementor-element-5df9c63\" data-id=\"5df9c63\" data-element_type=\"column\">\n\t\t\t<div class=\"elementor-widget-wrap elementor-element-populated\">\n\t\t\t\t\t\t<section class=\"elementor-section elementor-inner-section elementor-element elementor-element-7e72ff3 elementor-section-boxed elementor-section-height-default elementor-section-height-default\" data-id=\"7e72ff3\" data-element_type=\"section\" data-settings=\"{&quot;background_background&quot;:&quot;classic&quot;}\">\n\t\t\t\t\t\t<div class=\"elementor-container elementor-column-gap-default\">\n\t\t\t\t\t<div class=\"elementor-column elementor-col-50 elementor-inner-column elementor-element elementor-element-869096e elementor-invisible\" data-id=\"869096e\" data-element_type=\"column\" data-settings=\"{&quot;animation&quot;:&quot;fadeInLeft&quot;}\">\n\t\t\t<div class=\"elementor-widget-wrap elementor-element-populated\">\n\t\t\t\t\t\t<div class=\"elementor-element elementor-element-d657c65 elementor-widget elementor-widget-heading\" data-id=\"d657c65\" data-element_type=\"widget\" data-widget_type=\"heading.default\">\n\t\t\t\t<div class=\"elementor-widget-container\">\n\t\t\t\t\t<h5 class=\"elementor-heading-title elementor-size-default\">Welcome,<\/h5>\t\t\t\t<\/div>\n\t\t\t\t<\/div>\n\t\t\t\t<div class=\"elementor-element elementor-element-9226495 wpac-custom-signup-form elementor-widget elementor-widget-shortcode\" data-id=\"9226495\" data-element_type=\"widget\" data-widget_type=\"shortcode.default\">\n\t\t\t\t<div class=\"elementor-widget-container\">\n\t\t\t\t\t\t\t<div class=\"elementor-shortcode\">\n<div class=\"um um-register um-216\">\n\t<div class=\"um-form\" data-mode=\"register\">\n\t\t<form method=\"post\" action=\"\">\n\t\t\t<div class=\"um-row _um_row_1  um-customized-row\" style=\"padding: 0px 0px 0px 0px;margin: 0px 0px 30px 0px;border-width: 0px 0px 0px 0px;border-style: solid;border-color: #705527;border-radius: 0px;color: #000000 !important;\"><div class=\"um-col-1\"><div  id=\"um_field_216_first_name\" class=\"um-field um-field-text  um-field-first_name um-field-text um-field-type_text\" data-key=\"first_name\"><div class=\"um-field-label\"><div class=\"um-field-label-icon\"><i class=\"um-icon-person\" aria-label=\"Full Name\"><\/i><\/div><label for=\"first_name-216\">Full Name<\/label><div class=\"um-clear\"><\/div><\/div><div class=\"um-field-area\"><input  autocomplete=\"off\" class=\"um-form-field valid not-required \" type=\"text\" name=\"first_name-216\" id=\"first_name-216\" value=\"\" placeholder=\"\" data-validate=\"\" data-key=\"first_name\"  aria-invalid=\"false\" \/>\n\n\t\t\t\t\t\t<\/div><\/div><div  id=\"um_field_216_phone_number\" class=\"um-field um-field-tel  um-field-phone_number um-field-tel um-field-type_tel\" data-key=\"phone_number\"><div class=\"um-field-label\"><div class=\"um-field-label-icon\"><i class=\"um-faicon-phone\" aria-label=\"Num\u00e9ro de t\u00e9l\u00e9phone\"><\/i><\/div><label for=\"phone_number-216\">Num\u00e9ro de t\u00e9l\u00e9phone<\/label><div class=\"um-clear\"><\/div><\/div><div class=\"um-field-area\"><input  autocomplete=\"off\" class=\"um-form-field valid \" type=\"tel\" name=\"phone_number-216\" id=\"phone_number-216\" value=\"\" placeholder=\"\" data-validate=\"phone_number\" data-key=\"phone_number\"  aria-invalid=\"false\" \/>\n\n\t\t\t\t\t\t<\/div><\/div><div  id=\"um_field_216_username\" class=\"um-field um-field-text  um-field-username um-field-text um-field-type_text\" data-key=\"username\"><div class=\"um-field-label\"><div class=\"um-field-label-icon\"><i class=\"um-faicon-user-md\" aria-label=\"Identifiant ou e-mail\"><\/i><\/div><label for=\"username-216\">Identifiant ou e-mail<span class=\"um-req\" title=\"Required\">*<\/span><\/label><div class=\"um-clear\"><\/div><\/div><div class=\"um-field-area\"><input  autocomplete=\"off\" class=\"um-form-field valid \" type=\"text\" name=\"username-216\" id=\"username-216\" value=\"\" placeholder=\"\" data-validate=\"unique_username_or_email\" data-key=\"username\"  aria-invalid=\"false\" \/>\n\n\t\t\t\t\t\t<\/div><\/div><div  id=\"um_field_216_user_password\" class=\"um-field um-field-password  um-field-user_password um-field-password um-field-type_password\" data-key=\"user_password\"><div class=\"um-field-label\"><div class=\"um-field-label-icon\"><i class=\"um-icon-locked\" aria-label=\"Password\"><\/i><\/div><label for=\"user_password-216\">Password<span class=\"um-req\" title=\"Required\">*<\/span><\/label><div class=\"um-clear\"><\/div><\/div><div class=\"um-field-area\"><input class=\"um-form-field valid \" type=\"password\" name=\"user_password-216\" id=\"user_password-216\" value=\"\" placeholder=\"\" data-validate=\"\" data-key=\"user_password\"  aria-invalid=\"false\" \/>\n\n\t\t\t\t\t\t\t<\/div><\/div><div  id=\"um_field_216_confirm_user_password\" class=\"um-field um-field-password  um-field-user_password um-field-password um-field-type_password\" data-key=\"confirm_user_password\"><div class=\"um-field-label\"><div class=\"um-field-label-icon\"><i class=\"um-icon-locked\" aria-label=\"Confirmez le mot de passe\"><\/i><\/div><label for=\"confirm_user_password-216\">Confirmez le mot de passe<span class=\"um-req\" title=\"Required\">*<\/span><\/label><div class=\"um-clear\"><\/div><\/div><div class=\"um-field-area\"><input class=\"um-form-field valid \" type=\"password\" name=\"confirm_user_password-216\" id=\"confirm_user_password-216\" value=\"\" placeholder=\"Confirmez le mot de passe\" data-validate=\"\" data-key=\"confirm_user_password\"  aria-invalid=\"false\" \/><\/div><\/div><\/div><\/div>\n<!-- This file should primarily consist of HTML with a little bit of PHP. -->\n<div class=\"um-field um-field-type_terms_conditions\" data-key=\"use_terms_conditions_agreement\" style=\"display:block;padding:0;\">\n\t<div class=\"um-field-area\">\n\t\t<div class=\"um-gdpr-content\" style=\"display:none;\">\n\t\t\t<h2 class=\"wp-block-heading\">Who we are<\/h2><p><strong class=\"privacy-policy-tutorial\">Suggested text: <\/strong>Our website address is: https:\/\/greenessence.ca.<\/p><h2 class=\"wp-block-heading\">Comments<\/h2><p><strong class=\"privacy-policy-tutorial\">Suggested text: <\/strong>When visitors leave comments on the site we collect the data shown in the comments form, and also the visitor&#8217;s IP address and browser user agent string to help spam detection.<\/p><p>An anonymized string created from your email address (also called a hash) may be provided to the Gravatar service to see if you are using it. The Gravatar service privacy policy is available here: https:\/\/automattic.com\/privacy\/. After approval of your comment, your profile picture is visible to the public in the context of your comment.<\/p><h2 class=\"wp-block-heading\">Media<\/h2><p><strong class=\"privacy-policy-tutorial\">Suggested text: <\/strong>If you upload images to the website, you should avoid uploading images with embedded location data (EXIF GPS) included. Visitors to the website can download and extract any location data from images on the website.<\/p><h2 class=\"wp-block-heading\">Cookies<\/h2><p><strong class=\"privacy-policy-tutorial\">Suggested text: <\/strong>If you leave a comment on our site you may opt-in to saving your name, email address and website in cookies. These are for your convenience so that you do not have to fill in your details again when you leave another comment. These cookies will last for one year.<\/p><p>If you visit our login page, we will set a temporary cookie to determine if your browser accepts cookies. This cookie contains no personal data and is discarded when you close your browser.<\/p><p>When you log in, we will also set up several cookies to save your login information and your screen display choices. Login cookies last for two days, and screen options cookies last for a year. If you select &quot;Remember Me&quot;, your login will persist for two weeks. If you log out of your account, the login cookies will be removed.<\/p><p>If you edit or publish an article, an additional cookie will be saved in your browser. This cookie includes no personal data and simply indicates the post ID of the article you just edited. It expires after 1 day.<\/p><h2 class=\"wp-block-heading\">Embedded content from other websites<\/h2><p><strong class=\"privacy-policy-tutorial\">Suggested text: <\/strong>Articles on this site may include embedded content (e.g. videos, images, articles, etc.). Embedded content from other websites behaves in the exact same way as if the visitor has visited the other website.<\/p><p>These websites may collect data about you, use cookies, embed additional third-party tracking, and monitor your interaction with that embedded content, including tracking your interaction with the embedded content if you have an account and are logged in to that website.<\/p><h2 class=\"wp-block-heading\">Who we share your data with<\/h2><p><strong class=\"privacy-policy-tutorial\">Suggested text: <\/strong>If you request a password reset, your IP address will be included in the reset email.<\/p><h2 class=\"wp-block-heading\">How long we retain your data<\/h2><p><strong class=\"privacy-policy-tutorial\">Suggested text: <\/strong>If you leave a comment, the comment and its metadata are retained indefinitely. This is so we can recognize and approve any follow-up comments automatically instead of holding them in a moderation queue.<\/p><p>For users that register on our website (if any), we also store the personal information they provide in their user profile. All users can see, edit, or delete their personal information at any time (except they cannot change their username). Website administrators can also see and edit that information.<\/p><h2 class=\"wp-block-heading\">What rights you have over your data<\/h2><p><strong class=\"privacy-policy-tutorial\">Suggested text: <\/strong>If you have an account on this site, or have left comments, you can request to receive an exported file of the personal data we hold about you, including any data you have provided to us. You can also request that we erase any personal data we hold about you. This does not include any data we are obliged to keep for administrative, legal, or security purposes.<\/p><h2 class=\"wp-block-heading\">Where your data is sent<\/h2><p><strong class=\"privacy-policy-tutorial\">Suggested text: <\/strong>Visitor comments may be checked through an automated spam detection service.<\/p>\t\t<\/div>\n\t\t<a href=\"javascript:void(0);\" class=\"um-toggle-gdpr\" data-toggle-state=\"hidden\"\n\t\t\tdata-toggle-show=\"Afficher la politique de confidentialit\u00e9\"\n\t\t\tdata-toggle-hide=\"Masquer la politique de confidentialit\u00e9\">\n\t\t\tAfficher la politique de confidentialit\u00e9\t\t<\/a>\n\t<\/div>\n\t<div class=\"um-field-area\">\n\t\t<label class=\"um-field-checkbox\">\n\t\t\t<input type=\"checkbox\" name=\"use_gdpr_agreement\" value=\"1\">\n\t\t\t<span class=\"um-field-checkbox-state\"><i class=\"um-icon-android-checkbox-outline-blank\"><\/i><\/span>\n\t\t\t<span class=\"um-field-checkbox-option\">Veuillez confirmer que vous acceptez notre politique de confidentialit\u00e9<\/span>\n\t\t<\/label>\n\t\t<div class=\"um-clear\"><\/div>\n\t\t\t\t<div class=\"um-clear\"><\/div>\n\t<\/div>\n<\/div>\n\t<input type=\"hidden\" name=\"form_id\" id=\"form_id_216\" value=\"216\" \/>\n\t\t<p class=\"um_request_name\">\n\t\t<label for=\"um_request_216\">Only fill in if you are not human<\/label>\n\t\t<input type=\"hidden\" name=\"um_request\" id=\"um_request_216\" class=\"input\" value=\"\" size=\"25\" autocomplete=\"off\" \/>\n\t<\/p>\n\t<input type=\"hidden\" id=\"_wpnonce\" name=\"_wpnonce\" value=\"3c0b519842\" \/><input type=\"hidden\" name=\"_wp_http_referer\" value=\"\/index.php?rest_route=%2Fwp%2Fv2%2Fpages%2F222\" \/>\n\t<div class=\"um-col-alt\">\n\n\t\t\n\t\t\t<div class=\"um-center\">\n\t\t\t\t<input type=\"submit\" value=\"Register\" class=\"um-button\" id=\"um-submit-btn\" \/>\n\t\t\t<\/div>\n\n\t\t\n\t\t<div class=\"um-clear\"><\/div>\n\n\t<\/div>\n\n\t\t\t<\/form>\n\t<\/div>\n<\/div>\n<style>\n\t\t\t.um-216.um {\n\t\t\tmax-width: 450px;\n\t\t}\n\t\t<\/style>\n<\/div>\n\t\t\t\t\t\t<\/div>\n\t\t\t\t<\/div>\n\t\t\t\t\t<\/div>\n\t\t<\/div>\n\t\t\t\t<div class=\"elementor-column elementor-col-50 elementor-inner-column elementor-element elementor-element-b4e8c7e elementor-invisible\" data-id=\"b4e8c7e\" data-element_type=\"column\" data-settings=\"{&quot;background_background&quot;:&quot;gradient&quot;,&quot;animation&quot;:&quot;fadeInRight&quot;}\">\n\t\t\t<div class=\"elementor-widget-wrap elementor-element-populated\">\n\t\t\t\t\t\t<div class=\"elementor-element elementor-element-9fefa37 elementor-widget elementor-widget-image\" data-id=\"9fefa37\" data-element_type=\"widget\" data-widget_type=\"image.default\">\n\t\t\t\t<div class=\"elementor-widget-container\">\n\t\t\t\t\t\t\t\t\t\t\t\t\t\t\t<img fetchpriority=\"high\" decoding=\"async\" width=\"768\" height=\"268\" src=\"https:\/\/greenessence.ca\/wp-content\/uploads\/2024\/04\/GreenEssence-white-Remove-BG-768x268.webp\" class=\"attachment-medium_large size-medium_large wp-image-190\" alt=\"\" srcset=\"https:\/\/greenessence.ca\/wp-content\/uploads\/2024\/04\/GreenEssence-white-Remove-BG-768x268.webp 768w, https:\/\/greenessence.ca\/wp-content\/uploads\/2024\/04\/GreenEssence-white-Remove-BG-600x210.webp 600w, https:\/\/greenessence.ca\/wp-content\/uploads\/2024\/04\/GreenEssence-white-Remove-BG-300x105.webp 300w, https:\/\/greenessence.ca\/wp-content\/uploads\/2024\/04\/GreenEssence-white-Remove-BG.webp 1016w\" sizes=\"(max-width: 768px) 100vw, 768px\" \/>\t\t\t\t\t\t\t\t\t\t\t\t\t\t\t<\/div>\n\t\t\t\t<\/div>\n\t\t\t\t<div class=\"elementor-element elementor-element-5cc2dce elementor-widget elementor-widget-icon-box\" data-id=\"5cc2dce\" data-element_type=\"widget\" data-widget_type=\"icon-box.default\">\n\t\t\t\t<div class=\"elementor-widget-container\">\n\t\t\t\t\t\t\t<div class=\"elementor-icon-box-wrapper\">\n\n\t\t\t\n\t\t\t\t\t\t<div class=\"elementor-icon-box-content\">\n\n\t\t\t\t\t\t\t\t\t<div class=\"elementor-icon-box-title\">\n\t\t\t\t\t\t<span  >\n\t\t\t\t\t\t\tCreate Free Account\t\t\t\t\t\t<\/span>\n\t\t\t\t\t<\/div>\n\t\t\t\t\n\t\t\t\t\t\t\t\t\t<p class=\"elementor-icon-box-description\">\n\t\t\t\t\t\tFermentum amet class hendrerit lorem metus Already have an account? log in instead\t\t\t\t\t<\/p>\n\t\t\t\t\n\t\t\t<\/div>\n\t\t\t\n\t\t<\/div>\n\t\t\t\t\t\t<\/div>\n\t\t\t\t<\/div>\n\t\t\t\t<div class=\"elementor-element elementor-element-4f02571 elementor-widget elementor-widget-button\" data-id=\"4f02571\" data-element_type=\"widget\" data-widget_type=\"button.default\">\n\t\t\t\t<div class=\"elementor-widget-container\">\n\t\t\t\t\t\t\t\t\t<div class=\"elementor-button-wrapper\">\n\t\t\t\t\t<a class=\"elementor-button elementor-button-link elementor-size-md\" href=\"https:\/\/greenessence.ca\/?page_id=221\">\n\t\t\t\t\t\t<span class=\"elementor-button-content-wrapper\">\n\t\t\t\t\t\t\t\t\t<span class=\"elementor-button-text\">Sign In<\/span>\n\t\t\t\t\t<\/span>\n\t\t\t\t\t<\/a>\n\t\t\t\t<\/div>\n\t\t\t\t\t\t\t\t<\/div>\n\t\t\t\t<\/div>\n\t\t\t\t\t<\/div>\n\t\t<\/div>\n\t\t\t\t\t<\/div>\n\t\t<\/section>\n\t\t\t\t\t<\/div>\n\t\t<\/div>\n\t\t\t\t\t<\/div>\n\t\t<\/section>\n\t\t\t\t<\/div>\n\t\t","protected":false},"excerpt":{"rendered":"<p>Welcome, Create Free Account Fermentum amet class hendrerit lorem metus Already have an account? log in instead Sign In<\/p>\n","protected":false},"author":1,"featured_media":0,"parent":0,"menu_order":0,"comment_status":"closed","ping_status":"closed","template":"","meta":{"footnotes":""},"yoast_head":"<!-- This site is optimized with the Yoast SEO Premium plugin v22.4 (Yoast SEO v24.5) - https:\/\/yoast.com\/wordpress\/plugins\/seo\/ -->\n<title>S\u2019inscrire - GreenEssence<\/title>\n<meta name=\"robots\" content=\"index, follow, max-snippet:-1, max-image-preview:large, max-video-preview:-1\" \/>\n<link rel=\"canonical\" href=\"https:\/\/greenessence.ca\/?page_id=222\" \/>\n<meta property=\"og:locale\" content=\"en_US\" \/>\n<meta property=\"og:type\" content=\"article\" \/>\n<meta property=\"og:title\" content=\"S\u2019inscrire\" \/>\n<meta property=\"og:description\" content=\"Welcome, Create Free Account Fermentum amet class hendrerit lorem metus Already have an account? log in instead Sign In\" \/>\n<meta property=\"og:url\" content=\"https:\/\/greenessence.ca\/?page_id=222\" \/>\n<meta property=\"og:site_name\" content=\"GreenEssence\" \/>\n<meta property=\"article:modified_time\" content=\"2024-12-27T07:05:52+00:00\" \/>\n<meta property=\"og:image\" content=\"https:\/\/greenessence.ca\/wp-content\/uploads\/2024\/04\/GreenEssence-white-Remove-BG.webp\" \/>\n\t<meta property=\"og:image:width\" content=\"1016\" \/>\n\t<meta property=\"og:image:height\" content=\"355\" \/>\n\t<meta property=\"og:image:type\" content=\"image\/webp\" \/>\n<meta name=\"twitter:card\" content=\"summary_large_image\" \/>\n<script type=\"application\/ld+json\" class=\"yoast-schema-graph\">{\"@context\":\"https:\/\/schema.org\",\"@graph\":[{\"@type\":\"WebPage\",\"@id\":\"https:\/\/greenessence.ca\/?page_id=222\",\"url\":\"https:\/\/greenessence.ca\/?page_id=222\",\"name\":\"S\u2019inscrire - GreenEssence\",\"isPartOf\":{\"@id\":\"https:\/\/greenessence.ca\/#website\"},\"primaryImageOfPage\":{\"@id\":\"https:\/\/greenessence.ca\/?page_id=222#primaryimage\"},\"image\":{\"@id\":\"https:\/\/greenessence.ca\/?page_id=222#primaryimage\"},\"thumbnailUrl\":\"https:\/\/greenessence.ca\/wp-content\/uploads\/2024\/04\/GreenEssence-white-Remove-BG-768x268.webp\",\"datePublished\":\"2024-04-04T03:45:22+00:00\",\"dateModified\":\"2024-12-27T07:05:52+00:00\",\"breadcrumb\":{\"@id\":\"https:\/\/greenessence.ca\/?page_id=222#breadcrumb\"},\"inLanguage\":\"en-US\",\"potentialAction\":[{\"@type\":\"ReadAction\",\"target\":[\"https:\/\/greenessence.ca\/?page_id=222\"]}]},{\"@type\":\"ImageObject\",\"inLanguage\":\"en-US\",\"@id\":\"https:\/\/greenessence.ca\/?page_id=222#primaryimage\",\"url\":\"https:\/\/greenessence.ca\/wp-content\/uploads\/2024\/04\/GreenEssence-white-Remove-BG.webp\",\"contentUrl\":\"https:\/\/greenessence.ca\/wp-content\/uploads\/2024\/04\/GreenEssence-white-Remove-BG.webp\",\"width\":1016,\"height\":355},{\"@type\":\"BreadcrumbList\",\"@id\":\"https:\/\/greenessence.ca\/?page_id=222#breadcrumb\",\"itemListElement\":[{\"@type\":\"ListItem\",\"position\":1,\"name\":\"Accueil\",\"item\":\"https:\/\/greenessence.ca\/\"},{\"@type\":\"ListItem\",\"position\":2,\"name\":\"S\u2019inscrire\"}]},{\"@type\":\"WebSite\",\"@id\":\"https:\/\/greenessence.ca\/#website\",\"url\":\"https:\/\/greenessence.ca\/\",\"name\":\"GreenEssence\",\"description\":\"Explore the realm of natural beauty with GreenEssence\",\"publisher\":{\"@id\":\"https:\/\/greenessence.ca\/#organization\"},\"potentialAction\":[{\"@type\":\"SearchAction\",\"target\":{\"@type\":\"EntryPoint\",\"urlTemplate\":\"https:\/\/greenessence.ca\/?s={search_term_string}\"},\"query-input\":{\"@type\":\"PropertyValueSpecification\",\"valueRequired\":true,\"valueName\":\"search_term_string\"}}],\"inLanguage\":\"en-US\"},{\"@type\":\"Organization\",\"@id\":\"https:\/\/greenessence.ca\/#organization\",\"name\":\"GreenEssence\",\"url\":\"https:\/\/greenessence.ca\/\",\"logo\":{\"@type\":\"ImageObject\",\"inLanguage\":\"en-US\",\"@id\":\"https:\/\/greenessence.ca\/#\/schema\/logo\/image\/\",\"url\":\"https:\/\/greenessence.ca\/wp-content\/uploads\/2024\/04\/cropped-GreenEssence.jpeg\",\"contentUrl\":\"https:\/\/greenessence.ca\/wp-content\/uploads\/2024\/04\/cropped-GreenEssence.jpeg\",\"width\":458,\"height\":173,\"caption\":\"GreenEssence\"},\"image\":{\"@id\":\"https:\/\/greenessence.ca\/#\/schema\/logo\/image\/\"}}]}<\/script>\n<!-- \/ Yoast SEO Premium plugin. -->","yoast_head_json":{"title":"S\u2019inscrire - GreenEssence","robots":{"index":"index","follow":"follow","max-snippet":"max-snippet:-1","max-image-preview":"max-image-preview:large","max-video-preview":"max-video-preview:-1"},"canonical":"https:\/\/greenessence.ca\/?page_id=222","og_locale":"en_US","og_type":"article","og_title":"S\u2019inscrire","og_description":"Welcome, Create Free Account Fermentum amet class hendrerit lorem metus Already have an account? log in instead Sign In","og_url":"https:\/\/greenessence.ca\/?page_id=222","og_site_name":"GreenEssence","article_modified_time":"2024-12-27T07:05:52+00:00","og_image":[{"width":1016,"height":355,"url":"https:\/\/greenessence.ca\/wp-content\/uploads\/2024\/04\/GreenEssence-white-Remove-BG.webp","type":"image\/webp"}],"twitter_card":"summary_large_image","schema":{"@context":"https:\/\/schema.org","@graph":[{"@type":"WebPage","@id":"https:\/\/greenessence.ca\/?page_id=222","url":"https:\/\/greenessence.ca\/?page_id=222","name":"S\u2019inscrire - GreenEssence","isPartOf":{"@id":"https:\/\/greenessence.ca\/#website"},"primaryImageOfPage":{"@id":"https:\/\/greenessence.ca\/?page_id=222#primaryimage"},"image":{"@id":"https:\/\/greenessence.ca\/?page_id=222#primaryimage"},"thumbnailUrl":"https:\/\/greenessence.ca\/wp-content\/uploads\/2024\/04\/GreenEssence-white-Remove-BG-768x268.webp","datePublished":"2024-04-04T03:45:22+00:00","dateModified":"2024-12-27T07:05:52+00:00","breadcrumb":{"@id":"https:\/\/greenessence.ca\/?page_id=222#breadcrumb"},"inLanguage":"en-US","potentialAction":[{"@type":"ReadAction","target":["https:\/\/greenessence.ca\/?page_id=222"]}]},{"@type":"ImageObject","inLanguage":"en-US","@id":"https:\/\/greenessence.ca\/?page_id=222#primaryimage","url":"https:\/\/greenessence.ca\/wp-content\/uploads\/2024\/04\/GreenEssence-white-Remove-BG.webp","contentUrl":"https:\/\/greenessence.ca\/wp-content\/uploads\/2024\/04\/GreenEssence-white-Remove-BG.webp","width":1016,"height":355},{"@type":"BreadcrumbList","@id":"https:\/\/greenessence.ca\/?page_id=222#breadcrumb","itemListElement":[{"@type":"ListItem","position":1,"name":"Accueil","item":"https:\/\/greenessence.ca\/"},{"@type":"ListItem","position":2,"name":"S\u2019inscrire"}]},{"@type":"WebSite","@id":"https:\/\/greenessence.ca\/#website","url":"https:\/\/greenessence.ca\/","name":"GreenEssence","description":"Explore the realm of natural beauty with GreenEssence","publisher":{"@id":"https:\/\/greenessence.ca\/#organization"},"potentialAction":[{"@type":"SearchAction","target":{"@type":"EntryPoint","urlTemplate":"https:\/\/greenessence.ca\/?s={search_term_string}"},"query-input":{"@type":"PropertyValueSpecification","valueRequired":true,"valueName":"search_term_string"}}],"inLanguage":"en-US"},{"@type":"Organization","@id":"https:\/\/greenessence.ca\/#organization","name":"GreenEssence","url":"https:\/\/greenessence.ca\/","logo":{"@type":"ImageObject","inLanguage":"en-US","@id":"https:\/\/greenessence.ca\/#\/schema\/logo\/image\/","url":"https:\/\/greenessence.ca\/wp-content\/uploads\/2024\/04\/cropped-GreenEssence.jpeg","contentUrl":"https:\/\/greenessence.ca\/wp-content\/uploads\/2024\/04\/cropped-GreenEssence.jpeg","width":458,"height":173,"caption":"GreenEssence"},"image":{"@id":"https:\/\/greenessence.ca\/#\/schema\/logo\/image\/"}}]}},"_links":{"self":[{"href":"https:\/\/greenessence.ca\/index.php?rest_route=\/wp\/v2\/pages\/222"}],"collection":[{"href":"https:\/\/greenessence.ca\/index.php?rest_route=\/wp\/v2\/pages"}],"about":[{"href":"https:\/\/greenessence.ca\/index.php?rest_route=\/wp\/v2\/types\/page"}],"author":[{"embeddable":true,"href":"https:\/\/greenessence.ca\/index.php?rest_route=\/wp\/v2\/users\/1"}],"replies":[{"embeddable":true,"href":"https:\/\/greenessence.ca\/index.php?rest_route=%2Fwp%2Fv2%2Fcomments&post=222"}],"version-history":[{"count":40,"href":"https:\/\/greenessence.ca\/index.php?rest_route=\/wp\/v2\/pages\/222\/revisions"}],"predecessor-version":[{"id":618,"href":"https:\/\/greenessence.ca\/index.php?rest_route=\/wp\/v2\/pages\/222\/revisions\/618"}],"wp:attachment":[{"href":"https:\/\/greenessence.ca\/index.php?rest_route=%2Fwp%2Fv2%2Fmedia&parent=222"}],"curies":[{"name":"wp","href":"https:\/\/api.w.org\/{rel}","templated":true}]}}